{"id":8557,"date":"2023-04-25T20:06:23","date_gmt":"2023-04-25T20:06:23","guid":{"rendered":"https:\/\/emilyglasses.com\/?post_type=product&#038;p=8557"},"modified":"2024-04-03T17:38:39","modified_gmt":"2024-04-03T22:38:39","slug":"lentes-monofocales-fotocromatico-blue-block","status":"publish","type":"product","link":"https:\/\/emilyglasses.com\/index.php\/product\/lentes-monofocales-fotocromatico-blue-block\/","title":{"rendered":"Lentes monofocales fotocrom\u00e1tico Blue block"},"content":{"rendered":"\t\t<div data-elementor-type=\"wp-post\" data-elementor-id=\"8557\" class=\"elementor elementor-8557\" data-elementor-post-type=\"product\">\n\t\t\t\t\t\t<section class=\"elementor-section elementor-top-section elementor-element elementor-element-70334114 wd-section-stretch opacity-video-bg elementor-section-boxed elementor-section-height-default elementor-section-height-default\" data-id=\"70334114\" data-element_type=\"section\" data-e-type=\"section\" data-settings=\"{&quot;background_background&quot;:&quot;video&quot;,&quot;background_video_link&quot;:&quot;https:\\\/\\\/www.youtube.com\\\/watch?v=Sa0QJJbY4_I&quot;}\">\n\t\t\t\t\t\t\t\t<div class=\"elementor-background-video-container elementor-hidden-mobile\">\n\t\t\t\t\t\t\t\t\t\t\t\t\t<div class=\"elementor-background-video-embed\" role=\"presentation\"><\/div>\n\t\t\t\t\t\t\t\t\t\t\t\t<\/div>\n\t\t\t\t\t\t\t\t<div class=\"elementor-container elementor-column-gap-default\">\n\t\t\t\t\t<div class=\"elementor-column elementor-col-100 elementor-top-column elementor-element elementor-element-25c1d3\" data-id=\"25c1d3\" data-element_type=\"column\" data-e-type=\"column\">\n\t\t\t<div class=\"elementor-widget-wrap elementor-element-populated\">\n\t\t\t\t\t\t<section class=\"elementor-section elementor-inner-section elementor-element elementor-element-4fb1a9ea elementor-section-boxed elementor-section-height-default elementor-section-height-default wd-section-disabled\" data-id=\"4fb1a9ea\" data-element_type=\"section\" data-e-type=\"section\" data-settings=\"{&quot;background_background&quot;:&quot;classic&quot;}\">\n\t\t\t\t\t\t<div class=\"elementor-container elementor-column-gap-default\">\n\t\t\t\t\t<div class=\"elementor-column elementor-col-100 elementor-inner-column elementor-element elementor-element-44b90b22\" data-id=\"44b90b22\" data-element_type=\"column\" data-e-type=\"column\" data-settings=\"{&quot;background_background&quot;:&quot;classic&quot;}\">\n\t\t\t<div class=\"elementor-widget-wrap elementor-element-populated\">\n\t\t\t\t\t\t<div class=\"elementor-element elementor-element-4f31b8d8 elementor-widget elementor-widget-wd_title\" data-id=\"4f31b8d8\" data-element_type=\"widget\" data-e-type=\"widget\" data-widget_type=\"wd_title.default\">\n\t\t\t\t<div class=\"elementor-widget-container\">\n\t\t\t\t\t\t\t<div class=\"title-wrapper set-mb-s reset-last-child wd-title-color-white wd-title-style-simple wd-title-size-extra-large text-center\">\n\n\t\t\t\t\t\t\t<div class=\"title-subtitle subtitle-color-white subtitle-style-default wd-fontsize-m\">\n\t\t\t\t\tSomos Profesionales en\t\t\t\t<\/div>\n\t\t\t\n\t\t\t<div class=\"liner-continer\">\n\t\t\t\t<h4 class=\"woodmart-title-container title wd-fontsize-xxxl\">Gafas formuladas<\/h4> \n\t\t\t\t\t\t\t<\/div>\n\n\t\t\t\t\t\t\t<div class=\"title-after_title set-cont-mb-s reset-last-child wd-fontsize-s\">\n\t\t\t\t\t<p>Somos la opci\u00f3n perfecta para obtener gafas formuladas de alta calidad sin salir de casa en Colombia. Olv\u00eddate de las preocupaciones de ir a la \u00f3ptica y los largos tiempos de espera. Con nuestro servicio, te brindamos una experiencia \u00fanica y conveniente para obtener las gafas que necesitas, con la calidad y atenci\u00f3n que mereces..<\/p>\t\t\t\t<\/div>\n\t\t\t\t\t<\/div>\n\t\t\t\t\t\t<\/div>\n\t\t\t\t<\/div>\n\t\t\t\t\t<\/div>\n\t\t<\/div>\n\t\t\t\t\t<\/div>\n\t\t<\/section>\n\t\t\t\t\t<\/div>\n\t\t<\/div>\n\t\t\t\t\t<\/div>\n\t\t<\/section>\n\t\t\t\t<section class=\"elementor-section elementor-top-section elementor-element elementor-element-3997d6e4 elementor-section-content-middle elementor-section-boxed elementor-section-height-default elementor-section-height-default wd-section-disabled\" data-id=\"3997d6e4\" data-element_type=\"section\" data-e-type=\"section\">\n\t\t\t\t\t\t<div class=\"elementor-container elementor-column-gap-default\">\n\t\t\t\t\t<div class=\"elementor-column elementor-col-50 elementor-top-column elementor-element elementor-element-604104\" data-id=\"604104\" data-element_type=\"column\" data-e-type=\"column\">\n\t\t\t<div class=\"elementor-widget-wrap elementor-element-populated\">\n\t\t\t\t\t\t<div class=\"elementor-element elementor-element-70f8881e elementor-widget elementor-widget-wd_3d_view\" data-id=\"70f8881e\" data-element_type=\"widget\" data-e-type=\"widget\" data-widget_type=\"wd_3d_view.default\">\n\t\t\t\t<div class=\"elementor-widget-container\">\n\t\t\t\t\t\t\t<div class=\"wd-threed-view\" data-args='{\"frames_count\":9,\"images\":[\"https:\\\/\\\/emilyglasses.com\\\/wp-content\\\/uploads\\\/2023\\\/04\\\/278004608_156056700206760_8991028479038593312_n-800x800.jpg\",\"https:\\\/\\\/emilyglasses.com\\\/wp-content\\\/uploads\\\/2023\\\/04\\\/279105136_1308990622958446_1431444457763031416_n.jpg\",\"https:\\\/\\\/emilyglasses.com\\\/wp-content\\\/uploads\\\/2023\\\/04\\\/QW22.jpg\",\"https:\\\/\\\/emilyglasses.com\\\/wp-content\\\/uploads\\\/2023\\\/04\\\/WhatsApp-Image-2023-04-19-at-11.43.22-AM-800x800.jpeg\",\"https:\\\/\\\/emilyglasses.com\\\/wp-content\\\/uploads\\\/2023\\\/04\\\/WhatsApp-Image-2023-04-19-at-11.43.24-AM-1-450x800.jpeg\",\"https:\\\/\\\/emilyglasses.com\\\/wp-content\\\/uploads\\\/2023\\\/04\\\/WhatsApp-Image-2023-04-19-at-11.43.24-AM-2-450x800.jpeg\",\"https:\\\/\\\/emilyglasses.com\\\/wp-content\\\/uploads\\\/2023\\\/04\\\/WhatsApp-Image-2023-04-19-at-11.43.24-AM-800x800.jpeg\",\"https:\\\/\\\/emilyglasses.com\\\/wp-content\\\/uploads\\\/2023\\\/04\\\/WhatsApp-Image-2023-04-19-at-11.43.25-AM-450x800.jpeg\",\"https:\\\/\\\/emilyglasses.com\\\/wp-content\\\/uploads\\\/2023\\\/04\\\/WhatsApp-Image-2023-04-19-at-11.43.26-AM-450x800.jpeg\"],\"width\":800,\"height\":800}'>\n\t\t\t<ul class=\"threed-view-images\"><\/ul>\n\t\t\t<div class=\"spinner\">\n\t\t\t\t<span>0%<\/span>\n\t\t\t<\/div>\n\t\t<\/div>\n\t\t\t\t\t\t<\/div>\n\t\t\t\t<\/div>\n\t\t\t\t\t<\/div>\n\t\t<\/div>\n\t\t\t\t<div class=\"elementor-column elementor-col-50 elementor-top-column elementor-element elementor-element-164f8524 text-center\" data-id=\"164f8524\" data-element_type=\"column\" data-e-type=\"column\">\n\t\t\t<div class=\"elementor-widget-wrap elementor-element-populated\">\n\t\t\t\t\t\t<div class=\"elementor-element elementor-element-503ac0eb elementor-widget elementor-widget-wd_title\" data-id=\"503ac0eb\" data-element_type=\"widget\" data-e-type=\"widget\" data-widget_type=\"wd_title.default\">\n\t\t\t\t<div class=\"elementor-widget-container\">\n\t\t\t\t\t\t\t<div class=\"title-wrapper set-mb-s reset-last-child wd-title-color-default wd-title-style-default wd-title-size-extra-large text-center\">\n\n\t\t\t\t\t\t\t<div class=\"title-subtitle subtitle-color-default subtitle-style-default wd-fontsize-m\">\n\t\t\t\t\tMODELOS \u00daNICOS DE MEJORAN TU ESTILO Y\t\t\t\t<\/div>\n\t\t\t\n\t\t\t<div class=\"liner-continer\">\n\t\t\t\t<h4 class=\"woodmart-title-container title wd-fontsize-xxxl\">PROTEGEN TU VISI\u00d3N<\/h4> \n\t\t\t\t\t\t\t<\/div>\n\n\t\t\t\t\t\t\t<div class=\"title-after_title set-cont-mb-s reset-last-child wd-fontsize-s\">\n\t\t\t\t\t<p>\u00a0entendemos la importancia de tener una visi\u00f3n clara y n\u00edtida. Por eso, nuestras gafas formuladas son dise\u00f1adas cuidadosamente para satisfacer tus necesidades visuales espec\u00edficas y tambi\u00e9n para complementar tu estilo. Utilizamos materiales de alta calidad y la \u00faltima tecnolog\u00eda en la elaboraci\u00f3n de nuestras gafas, para garantizarte una visi\u00f3n \u00f3ptima y comodidad durante todo el d\u00eda. Con nuestras opciones de dise\u00f1o y estilo, podr\u00e1s lucir con confianza tus gafas formuladas, destacando tu personalidad y estilo \u00fanico.<\/p>\t\t\t\t<\/div>\n\t\t\t\t\t<\/div>\n\t\t\t\t\t\t<\/div>\n\t\t\t\t<\/div>\n\t\t\t\t\t<\/div>\n\t\t<\/div>\n\t\t\t\t\t<\/div>\n\t\t<\/section>\n\t\t\t\t<section class=\"elementor-section elementor-top-section elementor-element elementor-element-2deb1a8a wd-section-stretch elementor-section-content-middle elementor-section-boxed elementor-section-height-default elementor-section-height-default\" data-id=\"2deb1a8a\" data-element_type=\"section\" data-e-type=\"section\" data-settings=\"{&quot;background_background&quot;:&quot;classic&quot;}\">\n\t\t\t\t\t\t<div class=\"elementor-container elementor-column-gap-default\">\n\t\t\t\t\t<div class=\"elementor-column elementor-col-50 elementor-top-column elementor-element elementor-element-695e2fb5 text-center\" data-id=\"695e2fb5\" data-element_type=\"column\" data-e-type=\"column\">\n\t\t\t<div class=\"elementor-widget-wrap elementor-element-populated\">\n\t\t\t\t\t\t<div class=\"elementor-element elementor-element-4910dd51 elementor-widget elementor-widget-wd_title\" data-id=\"4910dd51\" data-element_type=\"widget\" data-e-type=\"widget\" data-widget_type=\"wd_title.default\">\n\t\t\t\t<div class=\"elementor-widget-container\">\n\t\t\t\t\t\t\t<div class=\"title-wrapper set-mb-s reset-last-child wd-title-color-default wd-title-style-default wd-title-size-extra-large text-center\">\n\n\t\t\t\t\t\t\t<div class=\"title-subtitle subtitle-color-default subtitle-style-default wd-fontsize-m\">\n\t\t\t\t\tsOMOS L\u00cdDERES DEL MERCADO DESDE 2019\t\t\t\t<\/div>\n\t\t\t\n\t\t\t<div class=\"liner-continer\">\n\t\t\t\t<h4 class=\"woodmart-title-container title wd-fontsize-xxxl\">LOS MEJORES MODELOS Y ESTILOS <\/h4> \n\t\t\t\t\t\t\t<\/div>\n\n\t\t\t\t\t\t\t<div class=\"title-after_title set-cont-mb-s reset-last-child wd-fontsize-s\">\n\t\t\t\t\t<p>\u00a0contamos con a\u00f1os de experiencia en la industria \u00f3ptica, ofreciendo un servicio confiable y de calidad a nuestros clientes en Colombia. Nuestro equipo de especialistas en \u00f3ptica est\u00e1 comprometido en proporcionarte la mejor experiencia de compra de gafas formuladas a domicilio. Nos enorgullecemos de ofrecer una atenci\u00f3n personalizada, asesor\u00e1ndote en cada paso del proceso para asegurarnos de que obtengas las gafas adecuadas para tus necesidades visuales. Adem\u00e1s, utilizamos solo materiales de alta calidad y tecnolog\u00eda de vanguardia en la elaboraci\u00f3n de nuestras gafas formuladas, garantiz\u00e1ndote una excelente visi\u00f3n y comodidad.<\/p>\t\t\t\t<\/div>\n\t\t\t\t\t<\/div>\n\t\t\t\t\t\t<\/div>\n\t\t\t\t<\/div>\n\t\t\t\t\t<\/div>\n\t\t<\/div>\n\t\t\t\t<div class=\"elementor-column elementor-col-50 elementor-top-column elementor-element elementor-element-40aac714\" data-id=\"40aac714\" data-element_type=\"column\" data-e-type=\"column\">\n\t\t\t<div class=\"elementor-widget-wrap elementor-element-populated\">\n\t\t\t\t\t\t<div class=\"elementor-element elementor-element-62b10626 elementor-widget elementor-widget-wd_images_gallery\" data-id=\"62b10626\" data-element_type=\"widget\" data-e-type=\"widget\" data-widget_type=\"wd_images_gallery.default\">\n\t\t\t\t<div class=\"elementor-widget-container\">\n\t\t\t\t\t\t\t<div class=\"wd-images-gallery wd-justify-center wd-items-middle view-grid photoswipe-images\" >\n\t\t\t<div class=\"gallery-images row wd-spacing-0\">\n\t\t\t\t\t\t\t\t\t\t\t\t\t\t<div class=\"wd-gallery-item  col-lg-6 col-md-6 col-12\">\n\t\t\t\t\t\t\t\t\t\t\t\t\t<a  href=\"https:\/\/emilyglasses.com\/wp-content\/uploads\/2023\/04\/131947181_385519432674734_1477182661780013280_n.jpg\"data-width=\"960\" data-height=\"960\" data-index=\"1\" data-elementor-open-lightbox=\"no\">\n\t\t\t\t\t\t\n\t\t\t\t\t\t<img decoding=\"async\" src=\"https:\/\/emilyglasses.com\/wp-content\/uploads\/elementor\/thumbs\/131947181_385519432674734_1477182661780013280_n-q5jqbgbvicakti5wkkxqq6m388ixn563upmorrqfeg.jpg\"alt=\"131947181_385519432674734_1477182661780013280_n\">\n\t\t\t\t\t\t\t\t\t\t\t\t\t<\/a>\n\t\t\t\t\t\t\t\t\t\t\t<\/div>\n\t\t\t\t\t\t\t\t\t\t\t\t\t\t\t<div class=\"wd-gallery-item  col-lg-6 col-md-6 col-12\">\n\t\t\t\t\t\t\t\t\t\t\t\t\t<a  href=\"https:\/\/emilyglasses.com\/wp-content\/uploads\/2023\/04\/139122598_361306718593931_8222936865943187051_n.jpg\"data-width=\"1080\" data-height=\"1080\" data-index=\"2\" data-elementor-open-lightbox=\"no\">\n\t\t\t\t\t\t\n\t\t\t\t\t\t<img decoding=\"async\" src=\"https:\/\/emilyglasses.com\/wp-content\/uploads\/elementor\/thumbs\/139122598_361306718593931_8222936865943187051_n-q5jqbi7jw0d5gq369lqzv650f09o2jdkiyxnqbnn20.jpg\"alt=\"139122598_361306718593931_8222936865943187051_n\">\n\t\t\t\t\t\t\t\t\t\t\t\t\t<\/a>\n\t\t\t\t\t\t\t\t\t\t\t<\/div>\n\t\t\t\t\t\t\t\t\t\t\t\t\t\t\t<div class=\"wd-gallery-item  col-lg-6 col-md-6 col-12\">\n\t\t\t\t\t\t\t\t\t\t\t\t\t<a  href=\"https:\/\/emilyglasses.com\/wp-content\/uploads\/2023\/04\/140380322_491655385135660_1228197977262506982_n.jpg\"data-width=\"1080\" data-height=\"1080\" data-index=\"3\" data-elementor-open-lightbox=\"no\">\n\t\t\t\t\t\t\n\t\t\t\t\t\t<img decoding=\"async\" src=\"https:\/\/emilyglasses.com\/wp-content\/uploads\/elementor\/thumbs\/140380322_491655385135660_1228197977262506982_n-q5jqbj5e2uefsc1t445mfnwh0e51a8hav3l57lm8vs.jpg\"alt=\"140380322_491655385135660_1228197977262506982_n\">\n\t\t\t\t\t\t\t\t\t\t\t\t\t<\/a>\n\t\t\t\t\t\t\t\t\t\t\t<\/div>\n\t\t\t\t\t\t\t\t\t\t\t\t\t\t\t<div class=\"wd-gallery-item  col-lg-6 col-md-6 col-12\">\n\t\t\t\t\t\t\t\t\t\t\t\t\t<a  href=\"https:\/\/emilyglasses.com\/wp-content\/uploads\/2023\/04\/141025952_904411563624278_6994551844083132067_n.jpg\"data-width=\"714\" data-height=\"714\" data-index=\"4\" data-elementor-open-lightbox=\"no\">\n\t\t\t\t\t\t\n\t\t\t\t\t\t<img decoding=\"async\" src=\"https:\/\/emilyglasses.com\/wp-content\/uploads\/elementor\/thumbs\/141025952_904411563624278_6994551844083132067_n-q5jqbl12gih0fjz2t4yvknfe75vrpmorjcw465jgjc.jpg\"alt=\"141025952_904411563624278_6994551844083132067_n\">\n\t\t\t\t\t\t\t\t\t\t\t\t\t<\/a>\n\t\t\t\t\t\t\t\t\t\t\t<\/div>\n\t\t\t\t\t\t\t\t\t\t\t\t\t\t\t<div class=\"wd-gallery-item  col-lg-6 col-md-6 col-12\">\n\t\t\t\t\t\t\t\t\t\t\t\t\t<a  href=\"https:\/\/emilyglasses.com\/wp-content\/uploads\/2023\/04\/234754446_4968005519892928_2510632113168286303_n.jpg\"data-width=\"1080\" data-height=\"1080\" data-index=\"5\" data-elementor-open-lightbox=\"no\">\n\t\t\t\t\t\t\n\t\t\t\t\t\t<img decoding=\"async\" src=\"https:\/\/emilyglasses.com\/wp-content\/uploads\/elementor\/thumbs\/234754446_4968005519892928_2510632113168286303_n-q5jqblywnciar5xpnndi556usjr4xbshvhjlnfi2d4.jpg\"alt=\"234754446_4968005519892928_2510632113168286303_n\">\n\t\t\t\t\t\t\t\t\t\t\t\t\t<\/a>\n\t\t\t\t\t\t\t\t\t\t\t<\/div>\n\t\t\t\t\t\t\t\t\t\t\t\t\t\t\t<div class=\"wd-gallery-item  col-lg-6 col-md-6 col-12\">\n\t\t\t\t\t\t\t\t\t\t\t\t\t<a  href=\"https:\/\/emilyglasses.com\/wp-content\/uploads\/2023\/04\/235138344_571289460696447_2624563606139870071_n.jpg\"data-width=\"1080\" data-height=\"1080\" data-index=\"6\" data-elementor-open-lightbox=\"no\">\n\t\t\t\t\t\t\n\t\t\t\t\t\t<img decoding=\"async\" src=\"https:\/\/emilyglasses.com\/wp-content\/uploads\/elementor\/thumbs\/235138344_571289460696447_2624563606139870071_n-q5jqbmwqu6jl2rwci5s4pmybdxmi50w87m734pgo6w.jpg\"alt=\"235138344_571289460696447_2624563606139870071_n\">\n\t\t\t\t\t\t\t\t\t\t\t\t\t<\/a>\n\t\t\t\t\t\t\t\t\t\t\t<\/div>\n\t\t\t\t\t\t\t\t<\/div>\n\t\t<\/div>\n\t\t\t\t\t\t<\/div>\n\t\t\t\t<\/div>\n\t\t\t\t\t<\/div>\n\t\t<\/div>\n\t\t\t\t\t<\/div>\n\t\t<\/section>\n\t\t\t\t<section class=\"elementor-section elementor-top-section elementor-element elementor-element-60c64880 wd-section-stretch-content elementor-section-boxed elementor-section-height-default elementor-section-height-default\" data-id=\"60c64880\" data-element_type=\"section\" data-e-type=\"section\">\n\t\t\t\t\t\t<div class=\"elementor-container elementor-column-gap-no\">\n\t\t\t\t\t<div class=\"elementor-column elementor-col-100 elementor-top-column elementor-element elementor-element-37bc1c97\" data-id=\"37bc1c97\" data-element_type=\"column\" data-e-type=\"column\">\n\t\t\t<div class=\"elementor-widget-wrap elementor-element-populated\">\n\t\t\t\t\t\t<div class=\"elementor-element elementor-element-462557d2 elementor-widget elementor-widget-wd_images_gallery\" data-id=\"462557d2\" data-element_type=\"widget\" data-e-type=\"widget\" data-widget_type=\"wd_images_gallery.default\">\n\t\t\t\t<div class=\"elementor-widget-container\">\n\t\t\t\t\t\t\t<div class=\"wd-images-gallery wd-justify- wd-items- view-justified photoswipe-images\" >\n\t\t\t<div class=\"gallery-images\">\n\t\t\t\t\t\t\t\t\t\t\t\t\t\t<div class=\"wd-gallery-item\">\n\t\t\t\t\t\t\t\t\t\t\t\t\t<a  href=\"https:\/\/emilyglasses.com\/wp-content\/uploads\/2023\/04\/131947181_385519432674734_1477182661780013280_n-1.jpg\"data-width=\"960\" data-height=\"960\" data-index=\"1\" data-elementor-open-lightbox=\"no\">\n\t\t\t\t\t\t\n\t\t\t\t\t\t<img decoding=\"async\" src=\"https:\/\/emilyglasses.com\/wp-content\/uploads\/2023\/04\/131947181_385519432674734_1477182661780013280_n-1-300x300.jpg\"alt=\"131947181_385519432674734_1477182661780013280_n\">\n\t\t\t\t\t\t\t\t\t\t\t\t\t<\/a>\n\t\t\t\t\t\t\t\t\t\t\t<\/div>\n\t\t\t\t\t\t\t\t\t\t\t\t\t\t\t<div class=\"wd-gallery-item\">\n\t\t\t\t\t\t\t\t\t\t\t\t\t<a  href=\"https:\/\/emilyglasses.com\/wp-content\/uploads\/2023\/04\/22-1.jpg\"data-width=\"480\" data-height=\"600\" data-index=\"2\" data-elementor-open-lightbox=\"no\">\n\t\t\t\t\t\t\n\t\t\t\t\t\t<img decoding=\"async\" src=\"https:\/\/emilyglasses.com\/wp-content\/uploads\/2023\/04\/22-1-240x300.jpg\"alt=\"22\">\n\t\t\t\t\t\t\t\t\t\t\t\t\t<\/a>\n\t\t\t\t\t\t\t\t\t\t\t<\/div>\n\t\t\t\t\t\t\t\t\t\t\t\t\t\t\t<div class=\"wd-gallery-item\">\n\t\t\t\t\t\t\t\t\t\t\t\t\t<a  href=\"https:\/\/emilyglasses.com\/wp-content\/uploads\/2023\/04\/24-1.jpg\"data-width=\"640\" data-height=\"800\" data-index=\"3\" data-elementor-open-lightbox=\"no\">\n\t\t\t\t\t\t\n\t\t\t\t\t\t<img decoding=\"async\" src=\"https:\/\/emilyglasses.com\/wp-content\/uploads\/2023\/04\/24-1-240x300.jpg\"alt=\"24\">\n\t\t\t\t\t\t\t\t\t\t\t\t\t<\/a>\n\t\t\t\t\t\t\t\t\t\t\t<\/div>\n\t\t\t\t\t\t\t\t\t\t\t\t\t\t\t<div class=\"wd-gallery-item\">\n\t\t\t\t\t\t\t\t\t\t\t\t\t<a  href=\"https:\/\/emilyglasses.com\/wp-content\/uploads\/2023\/04\/223-1.jpg\"data-width=\"640\" data-height=\"800\" data-index=\"4\" data-elementor-open-lightbox=\"no\">\n\t\t\t\t\t\t\n\t\t\t\t\t\t<img decoding=\"async\" src=\"https:\/\/emilyglasses.com\/wp-content\/uploads\/2023\/04\/223-1-240x300.jpg\"alt=\"223\">\n\t\t\t\t\t\t\t\t\t\t\t\t\t<\/a>\n\t\t\t\t\t\t\t\t\t\t\t<\/div>\n\t\t\t\t\t\t\t\t\t\t\t\t\t\t\t<div class=\"wd-gallery-item\">\n\t\t\t\t\t\t\t\t\t\t\t\t\t<a  href=\"https:\/\/emilyglasses.com\/wp-content\/uploads\/2023\/04\/131889608_3511142379002676_2352274539857758410_n-1.jpg\"data-width=\"960\" data-height=\"960\" data-index=\"5\" data-elementor-open-lightbox=\"no\">\n\t\t\t\t\t\t\n\t\t\t\t\t\t<img decoding=\"async\" src=\"https:\/\/emilyglasses.com\/wp-content\/uploads\/2023\/04\/131889608_3511142379002676_2352274539857758410_n-1-300x300.jpg\"alt=\"131889608_3511142379002676_2352274539857758410_n\">\n\t\t\t\t\t\t\t\t\t\t\t\t\t<\/a>\n\t\t\t\t\t\t\t\t\t\t\t<\/div>\n\t\t\t\t\t\t\t\t\t\t\t\t\t\t\t<div class=\"wd-gallery-item\">\n\t\t\t\t\t\t\t\t\t\t\t\t\t<a  href=\"https:\/\/emilyglasses.com\/wp-content\/uploads\/2023\/04\/131891698_717148922495596_2990945946208838932_n-1.jpg\"data-width=\"960\" data-height=\"960\" data-index=\"6\" data-elementor-open-lightbox=\"no\">\n\t\t\t\t\t\t\n\t\t\t\t\t\t<img decoding=\"async\" src=\"https:\/\/emilyglasses.com\/wp-content\/uploads\/2023\/04\/131891698_717148922495596_2990945946208838932_n-1-300x300.jpg\"alt=\"131891698_717148922495596_2990945946208838932_n\">\n\t\t\t\t\t\t\t\t\t\t\t\t\t<\/a>\n\t\t\t\t\t\t\t\t\t\t\t<\/div>\n\t\t\t\t\t\t\t\t\t\t\t\t\t\t\t<div class=\"wd-gallery-item\">\n\t\t\t\t\t\t\t\t\t\t\t\t\t<a  href=\"https:\/\/emilyglasses.com\/wp-content\/uploads\/2023\/04\/131947181_385519432674734_1477182661780013280_n-2.jpg\"data-width=\"960\" data-height=\"960\" data-index=\"7\" data-elementor-open-lightbox=\"no\">\n\t\t\t\t\t\t\n\t\t\t\t\t\t<img decoding=\"async\" src=\"https:\/\/emilyglasses.com\/wp-content\/uploads\/2023\/04\/131947181_385519432674734_1477182661780013280_n-2-300x300.jpg\"alt=\"131947181_385519432674734_1477182661780013280_n\">\n\t\t\t\t\t\t\t\t\t\t\t\t\t<\/a>\n\t\t\t\t\t\t\t\t\t\t\t<\/div>\n\t\t\t\t\t\t\t\t\t\t\t\t\t\t\t<div class=\"wd-gallery-item\">\n\t\t\t\t\t\t\t\t\t\t\t\t\t<a  href=\"https:\/\/emilyglasses.com\/wp-content\/uploads\/2023\/04\/139122598_361306718593931_8222936865943187051_n-2.jpg\"data-width=\"1080\" data-height=\"1080\" data-index=\"8\" data-elementor-open-lightbox=\"no\">\n\t\t\t\t\t\t\n\t\t\t\t\t\t<img decoding=\"async\" src=\"https:\/\/emilyglasses.com\/wp-content\/uploads\/2023\/04\/139122598_361306718593931_8222936865943187051_n-2-300x300.jpg\"alt=\"139122598_361306718593931_8222936865943187051_n\">\n\t\t\t\t\t\t\t\t\t\t\t\t\t<\/a>\n\t\t\t\t\t\t\t\t\t\t\t<\/div>\n\t\t\t\t\t\t\t\t\t\t\t\t\t\t\t<div class=\"wd-gallery-item\">\n\t\t\t\t\t\t\t\t\t\t\t\t\t<a  href=\"https:\/\/emilyglasses.com\/wp-content\/uploads\/2023\/04\/140380322_491655385135660_1228197977262506982_n-2.jpg\"data-width=\"1080\" data-height=\"1080\" data-index=\"9\" data-elementor-open-lightbox=\"no\">\n\t\t\t\t\t\t\n\t\t\t\t\t\t<img decoding=\"async\" src=\"https:\/\/emilyglasses.com\/wp-content\/uploads\/2023\/04\/140380322_491655385135660_1228197977262506982_n-2-300x300.jpg\"alt=\"140380322_491655385135660_1228197977262506982_n\">\n\t\t\t\t\t\t\t\t\t\t\t\t\t<\/a>\n\t\t\t\t\t\t\t\t\t\t\t<\/div>\n\t\t\t\t\t\t\t\t\t\t\t\t\t\t\t<div class=\"wd-gallery-item\">\n\t\t\t\t\t\t\t\t\t\t\t\t\t<a  href=\"https:\/\/emilyglasses.com\/wp-content\/uploads\/2023\/04\/141025952_904411563624278_6994551844083132067_n-2.jpg\"data-width=\"714\" data-height=\"714\" data-index=\"10\" data-elementor-open-lightbox=\"no\">\n\t\t\t\t\t\t\n\t\t\t\t\t\t<img decoding=\"async\" src=\"https:\/\/emilyglasses.com\/wp-content\/uploads\/2023\/04\/141025952_904411563624278_6994551844083132067_n-2-300x300.jpg\"alt=\"141025952_904411563624278_6994551844083132067_n\">\n\t\t\t\t\t\t\t\t\t\t\t\t\t<\/a>\n\t\t\t\t\t\t\t\t\t\t\t<\/div>\n\t\t\t\t\t\t\t\t\t\t\t\t\t\t\t<div class=\"wd-gallery-item\">\n\t\t\t\t\t\t\t\t\t\t\t\t\t<a  href=\"https:\/\/emilyglasses.com\/wp-content\/uploads\/2023\/04\/234754446_4968005519892928_2510632113168286303_n-1.jpg\"data-width=\"1080\" data-height=\"1080\" data-index=\"11\" data-elementor-open-lightbox=\"no\">\n\t\t\t\t\t\t\n\t\t\t\t\t\t<img decoding=\"async\" src=\"https:\/\/emilyglasses.com\/wp-content\/uploads\/2023\/04\/234754446_4968005519892928_2510632113168286303_n-1-300x300.jpg\"alt=\"234754446_4968005519892928_2510632113168286303_n\">\n\t\t\t\t\t\t\t\t\t\t\t\t\t<\/a>\n\t\t\t\t\t\t\t\t\t\t\t<\/div>\n\t\t\t\t\t\t\t\t<\/div>\n\t\t<\/div>\n\t\t\t\t\t\t<\/div>\n\t\t\t\t<\/div>\n\t\t\t\t\t<\/div>\n\t\t<\/div>\n\t\t\t\t\t<\/div>\n\t\t<\/section>\n\t\t\t\t<\/div>\n\t\t","protected":false},"excerpt":{"rendered":"<p>Lentes monofocales visi\u00f3n sencilla blanco fotocrom\u00e1ticos con blue block<\/p>\n","protected":false},"featured_media":8931,"comment_status":"open","ping_status":"closed","template":"","meta":[],"product_cat":[74,76,72],"product_tag":[],"class_list":["post-8557","product","type-product","status-publish","has-post-thumbnail","hentry","product_cat-blue-block","product_cat-fotocromatico","product_cat-monofocales"],"_links":{"self":[{"href":"https:\/\/emilyglasses.com\/index.php\/wp-json\/wp\/v3\/product\/8557","targetHints":{"allow":["GET"]}}],"collection":[{"href":"https:\/\/emilyglasses.com\/index.php\/wp-json\/wp\/v3\/product"}],"about":[{"href":"https:\/\/emilyglasses.com\/index.php\/wp-json\/wp\/v2\/types\/product"}],"replies":[{"embeddable":true,"href":"https:\/\/emilyglasses.com\/index.php\/wp-json\/wp\/v2\/comments?post=8557"}],"version-history":[{"count":2,"href":"https:\/\/emilyglasses.com\/index.php\/wp-json\/wp\/v3\/product\/8557\/revisions"}],"predecessor-version":[{"id":8957,"href":"https:\/\/emilyglasses.com\/index.php\/wp-json\/wp\/v3\/product\/8557\/revisions\/8957"}],"wp:featuredmedia":[{"embeddable":true,"href":"https:\/\/emilyglasses.com\/index.php\/wp-json\/wp\/v2\/media\/8931"}],"wp:attachment":[{"href":"https:\/\/emilyglasses.com\/index.php\/wp-json\/wp\/v2\/media?parent=8557"}],"wp:term":[{"taxonomy":"product_cat","embeddable":true,"href":"https:\/\/emilyglasses.com\/index.php\/wp-json\/wp\/v2\/product_cat?post=8557"},{"taxonomy":"product_tag","embeddable":true,"href":"https:\/\/emilyglasses.com\/index.php\/wp-json\/wp\/v2\/product_tag?post=8557"}],"curies":[{"name":"wp","href":"https:\/\/api.w.org\/{rel}","templated":true}]}}