{"id":8708,"date":"2023-04-26T18:38:22","date_gmt":"2023-04-26T18:38:22","guid":{"rendered":"https:\/\/emilyglasses.com\/?post_type=product&#038;p=8708"},"modified":"2026-02-15T07:23:15","modified_gmt":"2026-02-15T12:23:15","slug":"combo-filtro-ar-blue-block-montura-lentes-ar-blue","status":"publish","type":"product","link":"https:\/\/emilyglasses.com\/index.php\/product\/combo-filtro-ar-blue-block-montura-lentes-ar-blue\/","title":{"rendered":"Combo Filtro AR + Blue Block = Montura + Lentes AR + Blue Block"},"content":{"rendered":"<h4>Montura de tu elecci\u00f3n + filtro ar + Blue Block + kit de limpieza con env\u00edo gratis.<\/h4>\n<h4>Lleva tu combo de montura (puedes elegir la montura que quieras de nuestra tienda), lentes con filtro AR, Filtro azul para pantallas m\u00e1s kit de limpieza y env\u00edo gratis por un s\u00faper precio.<\/h4>\n","protected":false},"excerpt":{"rendered":"<h4>Montura de tu elecci\u00f3n + filtro ar + Blue Block + kit de limpieza con env\u00edo gratis.<\/h4>\n<h4>Lleva tu combo de montura (puedes elegir la montura que quieras de nuestra tienda), lentes con filtro AR, Filtro azul para pantallas m\u00e1s kit de limpieza y env\u00edo gratis por un s\u00faper precio.<\/h4>\n","protected":false},"featured_media":8803,"comment_status":"open","ping_status":"closed","template":"","meta":[],"product_cat":[79],"product_tag":[],"class_list":["post-8708","product","type-product","status-publish","has-post-thumbnail","hentry","product_cat-combos"],"_links":{"self":[{"href":"https:\/\/emilyglasses.com\/index.php\/wp-json\/wp\/v3\/product\/8708","targetHints":{"allow":["GET"]}}],"collection":[{"href":"https:\/\/emilyglasses.com\/index.php\/wp-json\/wp\/v3\/product"}],"about":[{"href":"https:\/\/emilyglasses.com\/index.php\/wp-json\/wp\/v2\/types\/product"}],"replies":[{"embeddable":true,"href":"https:\/\/emilyglasses.com\/index.php\/wp-json\/wp\/v2\/comments?post=8708"}],"version-history":[{"count":2,"href":"https:\/\/emilyglasses.com\/index.php\/wp-json\/wp\/v3\/product\/8708\/revisions"}],"predecessor-version":[{"id":8710,"href":"https:\/\/emilyglasses.com\/index.php\/wp-json\/wp\/v3\/product\/8708\/revisions\/8710"}],"wp:featuredmedia":[{"embeddable":true,"href":"https:\/\/emilyglasses.com\/index.php\/wp-json\/wp\/v2\/media\/8803"}],"wp:attachment":[{"href":"https:\/\/emilyglasses.com\/index.php\/wp-json\/wp\/v2\/media?parent=8708"}],"wp:term":[{"taxonomy":"product_cat","embeddable":true,"href":"https:\/\/emilyglasses.com\/index.php\/wp-json\/wp\/v2\/product_cat?post=8708"},{"taxonomy":"product_tag","embeddable":true,"href":"https:\/\/emilyglasses.com\/index.php\/wp-json\/wp\/v2\/product_tag?post=8708"}],"curies":[{"name":"wp","href":"https:\/\/api.w.org\/{rel}","templated":true}]}}