{"id":8711,"date":"2023-04-26T18:41:13","date_gmt":"2023-04-26T18:41:13","guid":{"rendered":"https:\/\/emilyglasses.com\/?post_type=product&#038;p=8711"},"modified":"2025-04-12T09:44:22","modified_gmt":"2025-04-12T14:44:22","slug":"combo-filtro-ar-fotocromaticos-montura-lentes-ar-fotocromatico","status":"publish","type":"product","link":"https:\/\/emilyglasses.com\/index.php\/product\/combo-filtro-ar-fotocromaticos-montura-lentes-ar-fotocromatico\/","title":{"rendered":"Combo Filtro AR + fotocrom\u00e1ticos = Montura + Lentes AR + Fotocrom\u00e1tico"},"content":{"rendered":"<h4>Montura de tu elecci\u00f3n + filtro ar + Fotocrom\u00e1tico + kit de limpieza con env\u00edo gratis.<\/h4>\n<h4>Lleva tu combo de montura (puedes elegir la montura que quieras de nuestra tienda), lentes con filtro AR, Filtro fotocrom\u00e1tico que se oscurece con la luz para proteger tus ojos m\u00e1s kit de limpieza y env\u00edo gratis por un s\u00faper precio.<\/h4>\n","protected":false},"excerpt":{"rendered":"<h4>Montura de tu elecci\u00f3n + filtro ar + Fotocrom\u00e1tico + kit de limpieza con env\u00edo gratis.<\/h4>\n<h4>Lleva tu combo de montura (puedes elegir la montura que quieras de nuestra tienda), lentes con filtro AR, Filtro fotocrom\u00e1tico que se oscurece con la luz para proteger tus ojos m\u00e1s kit de limpieza y env\u00edo gratis por un s\u00faper precio.<\/h4>\n","protected":false},"featured_media":9137,"comment_status":"open","ping_status":"closed","template":"","meta":[],"product_cat":[79],"product_tag":[],"_links":{"self":[{"href":"https:\/\/emilyglasses.com\/index.php\/wp-json\/wp\/v3\/product\/8711"}],"collection":[{"href":"https:\/\/emilyglasses.com\/index.php\/wp-json\/wp\/v3\/product"}],"about":[{"href":"https:\/\/emilyglasses.com\/index.php\/wp-json\/wp\/v2\/types\/product"}],"replies":[{"embeddable":true,"href":"https:\/\/emilyglasses.com\/index.php\/wp-json\/wp\/v2\/comments?post=8711"}],"version-history":[{"count":2,"href":"https:\/\/emilyglasses.com\/index.php\/wp-json\/wp\/v3\/product\/8711\/revisions"}],"predecessor-version":[{"id":8961,"href":"https:\/\/emilyglasses.com\/index.php\/wp-json\/wp\/v3\/product\/8711\/revisions\/8961"}],"wp:featuredmedia":[{"embeddable":true,"href":"https:\/\/emilyglasses.com\/index.php\/wp-json\/wp\/v2\/media\/9137"}],"wp:attachment":[{"href":"https:\/\/emilyglasses.com\/index.php\/wp-json\/wp\/v2\/media?parent=8711"}],"wp:term":[{"taxonomy":"product_cat","embeddable":true,"href":"https:\/\/emilyglasses.com\/index.php\/wp-json\/wp\/v2\/product_cat?post=8711"},{"taxonomy":"product_tag","embeddable":true,"href":"https:\/\/emilyglasses.com\/index.php\/wp-json\/wp\/v2\/product_tag?post=8711"}],"curies":[{"name":"wp","href":"https:\/\/api.w.org\/{rel}","templated":true}]}}