{"id":9038,"date":"2024-04-13T15:19:02","date_gmt":"2024-04-13T20:19:02","guid":{"rendered":"https:\/\/emilyglasses.com\/?post_type=product&#038;p=9038"},"modified":"2026-04-29T19:07:47","modified_gmt":"2026-04-30T00:07:47","slug":"combo-lentes-fotocromaticos-filtro-ar-antireflejo-montura-kit-de-limpieza-panoliquido-estuche","status":"publish","type":"product","link":"https:\/\/emilyglasses.com\/index.php\/product\/combo-lentes-fotocromaticos-filtro-ar-antireflejo-montura-kit-de-limpieza-panoliquido-estuche\/","title":{"rendered":"Combo lentes fotocrom\u00e1ticos +Filtro AR + antireflejo + Montura + kit de limpieza (pa\u00f1o,l\u00edquido, estuche)"},"content":{"rendered":"<h4>Combo lentes fotocrom\u00e1ticos +Filtro AR + antireflejo + Montura + kit de limpieza (pa\u00f1o,l\u00edquido, estuche)<\/h4>\n<h4>Lleva tu combo de montura (puedes elegir la montura que quieras de nuestra tienda), lentes con filtro AR, Filtro fotocrom\u00e1tico que se oscurece con la luz para proteger tus ojos m\u00e1s kit de limpieza y env\u00edo gratis por un s\u00faper precio.<\/h4>\n","protected":false},"excerpt":{"rendered":"<h4>Combo lentes fotocrom\u00e1ticos +Filtro AR + antireflejo + Montura + kit de limpieza (pa\u00f1o,l\u00edquido, estuche)<\/h4>\n<h4>Lleva tu combo de montura (puedes elegir la montura que quieras de nuestra tienda), lentes con filtro AR, Filtro fotocrom\u00e1tico que se oscurece con la luz para proteger tus ojos m\u00e1s kit de limpieza y env\u00edo gratis por un s\u00faper precio.<\/h4>\n","protected":false},"featured_media":8916,"comment_status":"open","ping_status":"closed","template":"","meta":[],"product_cat":[79],"product_tag":[],"class_list":["post-9038","product","type-product","status-publish","has-post-thumbnail","hentry","product_cat-combos"],"_links":{"self":[{"href":"https:\/\/emilyglasses.com\/index.php\/wp-json\/wp\/v3\/product\/9038","targetHints":{"allow":["GET"]}}],"collection":[{"href":"https:\/\/emilyglasses.com\/index.php\/wp-json\/wp\/v3\/product"}],"about":[{"href":"https:\/\/emilyglasses.com\/index.php\/wp-json\/wp\/v2\/types\/product"}],"replies":[{"embeddable":true,"href":"https:\/\/emilyglasses.com\/index.php\/wp-json\/wp\/v2\/comments?post=9038"}],"version-history":[{"count":1,"href":"https:\/\/emilyglasses.com\/index.php\/wp-json\/wp\/v3\/product\/9038\/revisions"}],"predecessor-version":[{"id":9039,"href":"https:\/\/emilyglasses.com\/index.php\/wp-json\/wp\/v3\/product\/9038\/revisions\/9039"}],"wp:featuredmedia":[{"embeddable":true,"href":"https:\/\/emilyglasses.com\/index.php\/wp-json\/wp\/v2\/media\/8916"}],"wp:attachment":[{"href":"https:\/\/emilyglasses.com\/index.php\/wp-json\/wp\/v2\/media?parent=9038"}],"wp:term":[{"taxonomy":"product_cat","embeddable":true,"href":"https:\/\/emilyglasses.com\/index.php\/wp-json\/wp\/v2\/product_cat?post=9038"},{"taxonomy":"product_tag","embeddable":true,"href":"https:\/\/emilyglasses.com\/index.php\/wp-json\/wp\/v2\/product_tag?post=9038"}],"curies":[{"name":"wp","href":"https:\/\/api.w.org\/{rel}","templated":true}]}}